{"id":131,"date":"2016-07-09T07:20:38","date_gmt":"2016-07-09T05:20:38","guid":{"rendered":"http:\/\/www.siac.it\/?page_id=131"},"modified":"2016-07-12T19:30:36","modified_gmt":"2016-07-12T17:30:36","slug":"partners","status":"publish","type":"page","link":"https:\/\/www.siac.it\/?page_id=131","title":{"rendered":"Partners"},"content":{"rendered":"<table border=\"rgb(163, 2, 2)\">\n<tbody>\n<tr>\n<td style=\"border-color: #a30202; text-align: left; background-color: #ffffff;\">\n<p style=\"text-align: left;\"><span style=\"font-family: arial, helvetica, sans-serif; font-size: 12pt;\"><a href=\"#\"><img loading=\"lazy\" decoding=\"async\" class=\"alignnone size-full wp-image-194\" src=\"http:\/\/www.siac.it\/wp-content\/uploads\/2016\/07\/microsoft-2001W.gif\" alt=\"microsoft-2001W\" width=\"85\" height=\"38\" \/><\/a>\u00a0\u00a0Dal &#8217;92 i rapporti tra SIAC e Microsoft sono sempre stati caratterizzati da un livello elevato di professionalit\u00e0. \u00a0SIAC diviene quasi subito Microsoft Exellence Center Education, successivamente &#8220;Certified solution provider&#8221; in seguito: Certified partner. \u00a0Oggi SIAC \u00e8 un sicuro punto di riferimento nelle nostra zona per i prodotti Microsoft, sui quali ha ottenuto\u00a0ben cinque certificazioni tecniche MCP. \u00a0La direzione commerciale di SIAC \u00e8 qualificata per la competenza professionale necessaria all&#8217;analisi delle esigenze delle aziende clienti.<\/span><\/p>\n<p style=\"text-align: left;\"><span style=\"font-family: arial, helvetica, sans-serif; font-size: 12pt;\"><a href=\"#\"><img loading=\"lazy\" decoding=\"async\" class=\"alignnone size-full wp-image-196\" src=\"http:\/\/www.siac.it\/wp-content\/uploads\/2016\/07\/hp-2001W.jpg\" alt=\"hp-2001W\" width=\"161\" height=\"46\" srcset=\"https:\/\/www.siac.it\/wp-content\/uploads\/2016\/07\/hp-2001W.jpg 161w, https:\/\/www.siac.it\/wp-content\/uploads\/2016\/07\/hp-2001W-150x43.jpg 150w\" sizes=\"auto, (max-width: 161px) 100vw, 161px\" \/><\/a>\u00a0 \u00a0Il marchio Hewlett Packard, per noi fondatori di SIAC da cinquant&#8217;anni ha sempre significato una garanzia di alta qualit\u00e0 ed affidabilit\u00e0 per molti prodotti elettronici: uno standard di riferimento. Anche l&#8217;informatica, nel suo significato pi\u00f9 vasto, ha sempre bisogno di elettronica. Noi scegliamo queste tecnologie affidabili perch\u00e8 le conosciamo da tempo, cos\u00ed come apprezziamo la qualit\u00e0 dei servizi post-vendita collegati ai prodotti HP.<\/span><\/p>\n<p style=\"text-align: left;\"><span style=\"font-family: arial, helvetica, sans-serif; font-size: 12pt;\"><a href=\"#\"><img loading=\"lazy\" decoding=\"async\" class=\"alignnone size-full wp-image-197\" src=\"http:\/\/www.siac.it\/wp-content\/uploads\/2016\/07\/ciscoW.jpg\" alt=\"ciscoW\" width=\"132\" height=\"70\" \/><\/a>\u00a0 \u00a0SIAC partner SMB Select di CISCO, ha particolari competenze sui prodotti Cisco Aironet per le soluzioni wireless networking. \u00a0\u00a0Se la vostra rete ha bisogno di routers&#8230; interpellateci, forse scoprirete che le distanze sono relative.<\/span><\/p>\n<p style=\"text-align: left;\"><span style=\"font-family: arial, helvetica, sans-serif; font-size: 12pt;\">\u00a0<a href=\"#\"><img loading=\"lazy\" decoding=\"async\" class=\"alignnone size-full wp-image-219\" src=\"http:\/\/www.siac.it\/wp-content\/uploads\/2016\/07\/trend-microW.jpg\" alt=\"trend-microW\" width=\"142\" height=\"53\" \/><\/a>\u00a0 \u00a0Azienda leader nelle soluzioni antivirus aziendale a gestione centralizzata che garantisce un rapidissimo auto aggiornamento delle difese: l&#8217;antivirus \u00e8 disponibile a poche ore dalla comparsa di un nuovo virus nello scenario mondiale. SIAC \u00e8 tecnicamente e commercialmente certificata da Trend-Micro per la scelta e l&#8217;installazione dei suoi sistemi antivirus su reti informatiche.<\/span><\/p>\n<p style=\"text-align: left;\"><a href=\"#\"><img loading=\"lazy\" decoding=\"async\" class=\"alignnone size-full wp-image-220\" src=\"http:\/\/www.siac.it\/wp-content\/uploads\/2016\/07\/omronW.jpg\" alt=\"omronW\" width=\"114\" height=\"25\" \/><\/a><\/p>\n<\/td>\n<\/tr>\n<\/tbody>\n<\/table>\n<p style=\"text-align: left;\"><span style=\"font-family: arial, helvetica, sans-serif; font-size: 12pt;\">\u00a0 \u00a0\u00a0<\/span><\/p>\n<p style=\"text-align: left;\"><span style=\"font-family: arial, helvetica, sans-serif; font-size: 12pt;\">\u00a0 \u00a0<\/span><\/p>\n<p style=\"text-align: left;\"><span style=\"font-family: arial, helvetica, sans-serif; font-size: 12pt;\">\u00a0 \u00a0<\/span><\/p>\n","protected":false},"excerpt":{"rendered":"<p>\u00a0\u00a0Dal &#8217;92 i rapporti tra SIAC e Microsoft sono sempre stati caratterizzati da un livello elevato di professionalit\u00e0. \u00a0SIAC diviene quasi subito Microsoft Exellence Center Education, successivamente &#8220;Certified solution provider&#8221; in seguito: Certified partner. \u00a0Oggi SIAC \u00e8 un sicuro punto &hellip; <a href=\"https:\/\/www.siac.it\/?page_id=131\">Continue reading <span class=\"meta-nav\">&rarr;<\/span><\/a><\/p>\n","protected":false},"author":2,"featured_media":0,"parent":0,"menu_order":0,"comment_status":"closed","ping_status":"closed","template":"","meta":{"footnotes":""},"class_list":["post-131","page","type-page","status-publish","hentry"],"_links":{"self":[{"href":"https:\/\/www.siac.it\/index.php?rest_route=\/wp\/v2\/pages\/131","targetHints":{"allow":["GET"]}}],"collection":[{"href":"https:\/\/www.siac.it\/index.php?rest_route=\/wp\/v2\/pages"}],"about":[{"href":"https:\/\/www.siac.it\/index.php?rest_route=\/wp\/v2\/types\/page"}],"author":[{"embeddable":true,"href":"https:\/\/www.siac.it\/index.php?rest_route=\/wp\/v2\/users\/2"}],"replies":[{"embeddable":true,"href":"https:\/\/www.siac.it\/index.php?rest_route=%2Fwp%2Fv2%2Fcomments&post=131"}],"version-history":[{"count":8,"href":"https:\/\/www.siac.it\/index.php?rest_route=\/wp\/v2\/pages\/131\/revisions"}],"predecessor-version":[{"id":234,"href":"https:\/\/www.siac.it\/index.php?rest_route=\/wp\/v2\/pages\/131\/revisions\/234"}],"wp:attachment":[{"href":"https:\/\/www.siac.it\/index.php?rest_route=%2Fwp%2Fv2%2Fmedia&parent=131"}],"curies":[{"name":"wp","href":"https:\/\/api.w.org\/{rel}","templated":true}]}}